{"id":4910,"date":"2024-09-03T20:13:47","date_gmt":"2024-09-03T17:13:47","guid":{"rendered":"https:\/\/studijateici.lv\/?page_id=4910"},"modified":"2024-09-04T14:21:12","modified_gmt":"2024-09-04T11:21:12","slug":"ieksejas-kartibas-noteikumi","status":"publish","type":"page","link":"https:\/\/studijateici.lv\/en\/ieksejas-kartibas-noteikumi\/","title":{"rendered":"Internal House rules"},"content":{"rendered":"<div data-elementor-type=\"wp-page\" data-elementor-id=\"4910\" class=\"elementor elementor-4910\" data-elementor-post-type=\"page\">\n\t\t\t\t<div class=\"elementor-element elementor-element-fbe91d5 e-flex e-con-boxed e-con e-parent\" data-id=\"fbe91d5\" data-element_type=\"container\" data-e-type=\"container\" data-settings=\"{&quot;jet_parallax_layout_list&quot;:[{&quot;jet_parallax_layout_image&quot;:{&quot;url&quot;:&quot;&quot;,&quot;id&quot;:&quot;&quot;,&quot;size&quot;:&quot;&quot;},&quot;_id&quot;:&quot;ac10c47&quot;,&quot;jet_parallax_layout_image_tablet&quot;:{&quot;url&quot;:&quot;&quot;,&quot;id&quot;:&quot;&quot;,&quot;size&quot;:&quot;&quot;},&quot;jet_parallax_layout_image_mobile&quot;:{&quot;url&quot;:&quot;&quot;,&quot;id&quot;:&quot;&quot;,&quot;size&quot;:&quot;&quot;},&quot;jet_parallax_layout_speed&quot;:{&quot;unit&quot;:&quot;%&quot;,&quot;size&quot;:50,&quot;sizes&quot;:[]},&quot;jet_parallax_layout_type&quot;:&quot;scroll&quot;,&quot;jet_parallax_layout_direction&quot;:null,&quot;jet_parallax_layout_fx_direction&quot;:null,&quot;jet_parallax_layout_z_index&quot;:&quot;&quot;,&quot;jet_parallax_layout_bg_x&quot;:50,&quot;jet_parallax_layout_bg_x_tablet&quot;:&quot;&quot;,&quot;jet_parallax_layout_bg_x_mobile&quot;:&quot;&quot;,&quot;jet_parallax_layout_bg_y&quot;:50,&quot;jet_parallax_layout_bg_y_tablet&quot;:&quot;&quot;,&quot;jet_parallax_layout_bg_y_mobile&quot;:&quot;&quot;,&quot;jet_parallax_layout_bg_size&quot;:&quot;auto&quot;,&quot;jet_parallax_layout_bg_size_tablet&quot;:&quot;&quot;,&quot;jet_parallax_layout_bg_size_mobile&quot;:&quot;&quot;,&quot;jet_parallax_layout_animation_prop&quot;:&quot;transform&quot;,&quot;jet_parallax_layout_on&quot;:[&quot;desktop&quot;,&quot;tablet&quot;]}],&quot;background_background&quot;:&quot;classic&quot;}\">\n\t\t\t\t\t<div class=\"e-con-inner\">\n\t\t<div class=\"elementor-element elementor-element-c71595b e-con-full e-flex e-con e-child\" data-id=\"c71595b\" data-element_type=\"container\" data-e-type=\"container\" data-settings=\"{&quot;jet_parallax_layout_list&quot;:[]}\">\n\t\t\t\t<div class=\"elementor-element elementor-element-56af24d elementor-widget elementor-widget-heading\" data-id=\"56af24d\" data-element_type=\"widget\" data-e-type=\"widget\" data-widget_type=\"heading.default\">\n\t\t\t\t<div class=\"elementor-widget-container\">\n\t\t\t\t\t<h1 class=\"elementor-heading-title elementor-size-default\">Nature studio \"Tei\u010di\"<\/h1>\t\t\t\t<\/div>\n\t\t\t\t<\/div>\n\t\t\t\t<div class=\"elementor-element elementor-element-168c8bb elementor-widget elementor-widget-heading\" data-id=\"168c8bb\" data-element_type=\"widget\" data-e-type=\"widget\" data-widget_type=\"heading.default\">\n\t\t\t\t<div class=\"elementor-widget-container\">\n\t\t\t\t\t<h4 class=\"elementor-heading-title elementor-size-default\">Internal House rules<\/h4>\t\t\t\t<\/div>\n\t\t\t\t<\/div>\n\t\t\t\t<div class=\"elementor-element elementor-element-01795b8 elementor-widget elementor-widget-text-editor\" data-id=\"01795b8\" data-element_type=\"widget\" data-e-type=\"widget\" data-widget_type=\"text-editor.default\">\n\t\t\t\t<div class=\"elementor-widget-container\">\n\t\t\t\t\t\t\t\t\t<p><strong>Check in <\/strong><strong>and check out<\/strong><\/p>\n<p>Check in from 16:00<\/p>\n<p>Check out befire 12:00<\/p>\n<p><strong>Reservations<\/strong><\/p>\n<p>To make a reservation, guests must make an advance payment of 50 Eur (for two or more days in the amount of 70 Eur from the full price of the service (according to the invoice). The reservation is guaranteed from the moment the reservation deposit is received. Payment for the issued invoice within 24 hours of dispatch moment. When making a reservation, the guest confirms that he has familiarized himself with the internal rules of the Nature Studio Tei\u010di and undertakes to comply with them.<\/p>\n<p>Dabas studij\u0101 Tei\u010di &nbsp;un ta\u0304s teritorija\u0304 atl\u0327auts uzture\u0304ties tikai tik persona\u0304m, cik nora\u0304di\u0304tas rezerva\u0304cija\u0304. Ciemin\u0327u uzture\u0304s\u030cana\u0304s bri\u0304vdienu ma\u0304ja\u0304 un ta\u0304s teritorija\u0304 nav atl\u0327auta. P\u0101rk\u0101pjot \u0161o noteikumus, varam l\u016bgt nekav\u0113joties pamest m\u0101ju<\/p>\n<p>Loud behavior and music are prohibited for guests from pl 22:00 to 8:00. Also in rural areas there are neighbors near and far, whose peace is important. Failure to comply with this rule may result in being asked to leave the house immediately and report disturbing the peace to the municipal police.<\/p>\n<p><strong>Damages<\/strong><\/p>\n<p>If damage is found in the premises or territory of the house after the visit of the guests, the damage must be covered by the guests. A damage estimate and invoice will be drawn up, which must be paid within 7 days of receipt.<\/p>\n<p><strong>Cancellatio<\/strong><strong>n<\/strong><\/p>\n<p>The reservation can be canceled up to 14 days before the reserved date (a 25 euro administration fee is charged). If canceled after this period, the payment made in the amount of 50% of the full amount of the service is lost. If canceled later than seven days before arrival, the deposit is not returned and the reservation dates are not changed.<\/p>\n<p><strong>Smoking<\/strong><\/p>\n<p>Smoking is not allowed in the premises of the holiday home and on the terrace. Smoking outside the house is allowed. It is allowed to throw cigarette butts only in a specially designed ashtray. Throwing cigarette butts on the ground or smoking indoors may result in a fine.<\/p>\n<p><strong>Pets<\/strong><\/p>\n<p>Pets must be arranged in advance. Dogs that do not weigh more than 6 kg and are older than puppy and junior age are allowed.<\/p>\n<p><strong>&nbsp;<\/strong><\/p>\n<p><strong>Photo sessions and filming<\/strong><\/p>\n<p>The use of the holiday home and territory for commercial photo sessions and filming must be coordinated with the administration. It is forbidden to distribute publicly erotic content or other types of material that may discredit the image of the holiday home.<\/p>\n<p><strong>&nbsp;<\/strong><\/p>\n<p><strong>Fire safety<\/strong><\/p>\n<p>It is forbidden to bring and store non-flammable materials and use devices with an open flame. It is allowed to burn candles only in candlesticks and placing them in stable and safe places, without leaving them unattended.<\/p>\n<p>In case of fire, call the rescue service (112), if necessary, use the fire extinguishers available in the house (at the entrance door).<\/p>\n<p>Before using the grill, move it to a safe distance from the house and be careful. It is forbidden to light the grill on the terrace.<\/p>\n<p><strong>Safety rules<\/strong><\/p>\n<p>Care should be taken when lighting the fireplace, wood should be added in moderate quantities, the mouth of the fireplace should not be loaded with it, the chimney shutter should be in an open (vertical) position. The glass door of the fireplace gets hot, it is not shockproof, keep children away from it and ignition materials.<\/p>\n<p>The customer is responsible for all damages caused to the accommodation and its inventory, covering the losses if they are caused by the customer's actions. It is the customer's responsibility to immediately report to the administration about damaged items or accidents.<\/p>\n<p>For the safety of guests, video surveillance is carried out in the territory.<\/p>\n<p><strong>Using the jacuzzi bath<\/strong><\/p>\n<p>Before using the SPA bath, you must rinse thoroughly in the shower. Do not bring food or drinks into the bath. Do not add oils, foam or any other agent to the water. Failure to comply with this rule may result in a bill for cleaning the bath and changing the water and other work that includes cleaning the bath.<\/p>\n<p>Nature studio \"Tei\u010di\"<\/p>\n<p>03.09.2024.<\/p>\t\t\t\t\t\t\t\t<\/div>\n\t\t\t\t<\/div>\n\t\t\t\t<\/div>\n\t\t\t\t\t<\/div>\n\t\t\t\t<\/div>\n\t\t\t\t<\/div>","protected":false},"excerpt":{"rendered":"<p>Dabas studijas Tei\u010di IEK\u0160\u0112JIE K\u0100RT\u012aBAS NOTEIKUMI Reg\u0327istre\u0304s\u030cana\u0304s un izbrauk\u0161ana Iebrauk\u0161ana bri\u0304vdienu ma\u0304ja\u0304 no plkst.16:00 Izbrauk\u0161ana li\u0304dz plkst.12:00 Rezerva\u0304cijas Lai veiktu rezerva\u0304ciju, viesiem ir ja\u0304veic avansa iemaksa 50 Eur ( par div\u0101m un vair\u0101k dien\u0101m 70 Eur apme\u0304ra\u0304 no pakalpojuma pilnas cenas (saskan\u0327a\u0304 ar re\u0304k\u0327inu). Rezerva\u0304cija ir garante\u0304ta ar bri\u0304di, kad rezerva\u0304cijas iemaksa ir san\u0327emta. Apmaksa [&hellip;]<\/p>","protected":false},"author":1,"featured_media":0,"parent":0,"menu_order":0,"comment_status":"closed","ping_status":"closed","template":"elementor_header_footer","meta":{"footnotes":""},"class_list":["post-4910","page","type-page","status-publish","hentry"],"_links":{"self":[{"href":"https:\/\/studijateici.lv\/en\/wp-json\/wp\/v2\/pages\/4910"}],"collection":[{"href":"https:\/\/studijateici.lv\/en\/wp-json\/wp\/v2\/pages"}],"about":[{"href":"https:\/\/studijateici.lv\/en\/wp-json\/wp\/v2\/types\/page"}],"author":[{"embeddable":true,"href":"https:\/\/studijateici.lv\/en\/wp-json\/wp\/v2\/users\/1"}],"replies":[{"embeddable":true,"href":"https:\/\/studijateici.lv\/en\/wp-json\/wp\/v2\/comments?post=4910"}],"version-history":[{"count":10,"href":"https:\/\/studijateici.lv\/en\/wp-json\/wp\/v2\/pages\/4910\/revisions"}],"predecessor-version":[{"id":4928,"href":"https:\/\/studijateici.lv\/en\/wp-json\/wp\/v2\/pages\/4910\/revisions\/4928"}],"wp:attachment":[{"href":"https:\/\/studijateici.lv\/en\/wp-json\/wp\/v2\/media?parent=4910"}],"curies":[{"name":"wp","href":"https:\/\/api.w.org\/{rel}","templated":true}]}}