{"id":4528,"date":"2024-08-27T20:18:06","date_gmt":"2024-08-27T17:18:06","guid":{"rendered":"https:\/\/studijateici.lv\/?page_id=4528"},"modified":"2024-09-03T12:31:23","modified_gmt":"2024-09-03T09:31:23","slug":"davanu-kartes","status":"publish","type":"page","link":"https:\/\/studijateici.lv\/ru\/davanu-kartes\/","title":{"rendered":"\u041f\u043e\u0434\u0430\u0440\u043e\u0447\u043d\u044b\u0435 \u043a\u0430\u0440\u0442\u044b"},"content":{"rendered":"<div data-elementor-type=\"wp-page\" data-elementor-id=\"4528\" class=\"elementor elementor-4528\" data-elementor-post-type=\"page\">\n\t\t\t\t<div class=\"elementor-element elementor-element-fbe91d5 e-flex e-con-boxed e-con e-parent\" data-id=\"fbe91d5\" data-element_type=\"container\" data-settings=\"{&quot;jet_parallax_layout_list&quot;:[{&quot;jet_parallax_layout_image&quot;:{&quot;url&quot;:&quot;&quot;,&quot;id&quot;:&quot;&quot;,&quot;size&quot;:&quot;&quot;},&quot;_id&quot;:&quot;ac10c47&quot;,&quot;jet_parallax_layout_image_tablet&quot;:{&quot;url&quot;:&quot;&quot;,&quot;id&quot;:&quot;&quot;,&quot;size&quot;:&quot;&quot;},&quot;jet_parallax_layout_image_mobile&quot;:{&quot;url&quot;:&quot;&quot;,&quot;id&quot;:&quot;&quot;,&quot;size&quot;:&quot;&quot;},&quot;jet_parallax_layout_speed&quot;:{&quot;unit&quot;:&quot;%&quot;,&quot;size&quot;:50,&quot;sizes&quot;:[]},&quot;jet_parallax_layout_type&quot;:&quot;scroll&quot;,&quot;jet_parallax_layout_direction&quot;:null,&quot;jet_parallax_layout_fx_direction&quot;:null,&quot;jet_parallax_layout_z_index&quot;:&quot;&quot;,&quot;jet_parallax_layout_bg_x&quot;:50,&quot;jet_parallax_layout_bg_x_tablet&quot;:&quot;&quot;,&quot;jet_parallax_layout_bg_x_mobile&quot;:&quot;&quot;,&quot;jet_parallax_layout_bg_y&quot;:50,&quot;jet_parallax_layout_bg_y_tablet&quot;:&quot;&quot;,&quot;jet_parallax_layout_bg_y_mobile&quot;:&quot;&quot;,&quot;jet_parallax_layout_bg_size&quot;:&quot;auto&quot;,&quot;jet_parallax_layout_bg_size_tablet&quot;:&quot;&quot;,&quot;jet_parallax_layout_bg_size_mobile&quot;:&quot;&quot;,&quot;jet_parallax_layout_animation_prop&quot;:&quot;transform&quot;,&quot;jet_parallax_layout_on&quot;:[&quot;desktop&quot;,&quot;tablet&quot;]}],&quot;background_background&quot;:&quot;classic&quot;}\">\n\t\t\t\t\t<div class=\"e-con-inner\">\n\t\t<div class=\"elementor-element elementor-element-c71595b e-con-full e-flex e-con e-child\" data-id=\"c71595b\" data-element_type=\"container\" data-settings=\"{&quot;jet_parallax_layout_list&quot;:[]}\">\n\t\t\t\t<div class=\"elementor-element elementor-element-56af24d elementor-widget elementor-widget-heading\" data-id=\"56af24d\" data-element_type=\"widget\" data-widget_type=\"heading.default\">\n\t\t\t\t<div class=\"elementor-widget-container\">\n\t\t\t\t\t<h1 class=\"elementor-heading-title elementor-size-default\">\u041f\u043e\u0440\u0430\u0434\u0443\u0439\u0442\u0435 \u0431\u043b\u0438\u0437\u043a\u043e\u0433\u043e \u0447\u0435\u043b\u043e\u0432\u0435\u043a\u0430 \u043f\u043e\u0434\u0430\u0440\u043e\u0447\u043d\u043e\u0439 \u043a\u0430\u0440\u0442\u043e\u0439<\/h1>\t\t\t\t<\/div>\n\t\t\t\t<\/div>\n\t\t\t\t<div class=\"elementor-element elementor-element-01795b8 elementor-widget elementor-widget-text-editor\" data-id=\"01795b8\" data-element_type=\"widget\" data-widget_type=\"text-editor.default\">\n\t\t\t\t<div class=\"elementor-widget-container\">\n\t\t\t\t\t\t\t\t\t<p>\u041f\u043e\u0434\u0430\u0440\u0438\u0442\u0435 \u0440\u0430\u0434\u043e\u0441\u0442\u044c \u043e\u0442\u0434\u044b\u0445\u0430! \u0417\u0430\u043f\u043e\u043b\u043d\u0438\u0442\u0435 \u043a\u043e\u043d\u0442\u0430\u043a\u0442\u043d\u0443\u044e \u0444\u043e\u0440\u043c\u0443 \u043d\u0438\u0436\u0435, \u0447\u0442\u043e\u0431\u044b \u043f\u043e\u0434\u0430\u0442\u044c \u0437\u0430\u044f\u0432\u043a\u0443 \u043d\u0430 \u043f\u043e\u0434\u0430\u0440\u043e\u0447\u043d\u0443\u044e \u043a\u0430\u0440\u0442\u0443. \u0423\u043a\u0430\u0436\u0438\u0442\u0435 \u0434\u0430\u043d\u043d\u044b\u0435 \u043f\u043e\u043b\u0443\u0447\u0430\u0442\u0435\u043b\u044f \u0438 \u0441\u0432\u043e\u0438 \u0434\u0430\u043d\u043d\u044b\u0435, \u0430 \u0442\u0430\u043a\u0436\u0435 \u0441\u0443\u043c\u043c\u0443 \u043f\u043e\u0434\u0430\u0440\u043e\u0447\u043d\u043e\u0439 \u043a\u0430\u0440\u0442\u044b!<\/p><p>\u041b\u0438\u043c\u0438\u0442 \u043f\u043e\u0434\u0430\u0440\u043e\u0447\u043d\u043e\u0439 \u043a\u0430\u0440\u0442\u044b \u0432\u044b \u043e\u043f\u0440\u0435\u0434\u0435\u043b\u044f\u0435\u0442\u0435 \u0441\u0430\u043c\u0438.<\/p>\t\t\t\t\t\t\t\t<\/div>\n\t\t\t\t<\/div>\n\t\t\t\t<\/div>\n\t\t<div class=\"elementor-element elementor-element-5519ccf e-con-full e-flex e-con e-child\" data-id=\"5519ccf\" data-element_type=\"container\" data-settings=\"{&quot;background_background&quot;:&quot;classic&quot;,&quot;jet_parallax_layout_list&quot;:[]}\">\n\t\t\t\t<div class=\"elementor-element elementor-element-f9d03c1 elementor-widget__width-initial elementor-widget elementor-widget-image\" data-id=\"f9d03c1\" data-element_type=\"widget\" data-widget_type=\"image.default\">\n\t\t\t\t<div class=\"elementor-widget-container\">\n\t\t\t\t\t\t\t\t\t\t\t\t\t\t\t\t<a href=\"https:\/\/studijateici.lv\/wp-content\/uploads\/2024\/09\/WhatsApp-Image-2024-09-02-at-12.22.23.jpeg\" data-elementor-open-lightbox=\"yes\" data-e-action-hash=\"#elementor-action%3Aaction%3Dlightbox%26settings%3DeyJpZCI6NDgxNSwidXJsIjoiaHR0cHM6XC9cL3N0dWRpamF0ZWljaS5sdlwvd3AtY29udGVudFwvdXBsb2Fkc1wvMjAyNFwvMDlcL1doYXRzQXBwLUltYWdlLTIwMjQtMDktMDItYXQtMTIuMjIuMjMuanBlZyJ9\">\n\t\t\t\t\t\t\t<img fetchpriority=\"high\" decoding=\"async\" width=\"768\" height=\"1024\" src=\"https:\/\/studijateici.lv\/wp-content\/uploads\/2024\/09\/WhatsApp-Image-2024-09-02-at-12.22.23-768x1024.jpeg\" class=\"attachment-large size-large wp-image-4815\" alt=\"\" srcset=\"https:\/\/studijateici.lv\/wp-content\/uploads\/2024\/09\/WhatsApp-Image-2024-09-02-at-12.22.23-768x1024.jpeg 768w, https:\/\/studijateici.lv\/wp-content\/uploads\/2024\/09\/WhatsApp-Image-2024-09-02-at-12.22.23-225x300.jpeg 225w, https:\/\/studijateici.lv\/wp-content\/uploads\/2024\/09\/WhatsApp-Image-2024-09-02-at-12.22.23-1152x1536.jpeg 1152w, https:\/\/studijateici.lv\/wp-content\/uploads\/2024\/09\/WhatsApp-Image-2024-09-02-at-12.22.23-9x12.jpeg 9w, https:\/\/studijateici.lv\/wp-content\/uploads\/2024\/09\/WhatsApp-Image-2024-09-02-at-12.22.23-600x800.jpeg 600w, https:\/\/studijateici.lv\/wp-content\/uploads\/2024\/09\/WhatsApp-Image-2024-09-02-at-12.22.23.jpeg 1440w\" sizes=\"(max-width: 768px) 100vw, 768px\" \/>\t\t\t\t\t\t\t\t<\/a>\n\t\t\t\t\t\t\t\t\t\t\t\t\t\t\t<\/div>\n\t\t\t\t<\/div>\n\t\t\t\t<div class=\"elementor-element elementor-element-20401dd elementor-widget__width-initial elementor-button-align-stretch elementor-widget elementor-widget-form\" data-id=\"20401dd\" data-element_type=\"widget\" data-settings=\"{&quot;step_next_label&quot;:&quot;Next&quot;,&quot;step_previous_label&quot;:&quot;Previous&quot;,&quot;button_width&quot;:&quot;100&quot;,&quot;step_type&quot;:&quot;number_text&quot;,&quot;step_icon_shape&quot;:&quot;circle&quot;}\" data-widget_type=\"form.default\">\n\t\t\t\t<div class=\"elementor-widget-container\">\n\t\t\t\t\t\t\t<form class=\"elementor-form\" method=\"post\" name=\"New Form\" action=\"\">\n\t\t\t<input type=\"hidden\" name=\"post_id\" value=\"4528\"\/>\n\t\t\t<input type=\"hidden\" name=\"form_id\" value=\"20401dd\"\/>\n\t\t\t<input type=\"hidden\" name=\"referer_title\" value=\"\" \/>\n\n\t\t\t\n\t\t\t<div class=\"elementor-form-fields-wrapper elementor-labels-\">\n\t\t\t\t\t\t\t\t<div class=\"elementor-field-type-text elementor-field-group elementor-column elementor-field-group-name elementor-col-100\">\n\t\t\t\t\t\t\t\t\t\t\t\t<label for=\"form-field-name\" class=\"elementor-field-label elementor-screen-only\">\n\t\t\t\t\t\t\t\tV\u0101rds\t\t\t\t\t\t\t<\/label>\n\t\t\t\t\t\t\t\t\t\t\t\t\t\t<input size=\"1\" type=\"text\" name=\"form_fields[name]\" id=\"form-field-name\" class=\"elementor-field elementor-size-sm  elementor-field-textual\" placeholder=\"\u0412\u0430\u0448\u0435 \u0438\u043c\u044f\">\n\t\t\t\t\t\t\t\t\t\t\t<\/div>\n\t\t\t\t\t\t\t\t<div class=\"elementor-field-type-tel elementor-field-group elementor-column elementor-field-group-field_fea9d66 elementor-col-100 elementor-field-required\">\n\t\t\t\t\t\t\t\t\t\t\t\t<label for=\"form-field-field_fea9d66\" class=\"elementor-field-label elementor-screen-only\">\n\t\t\t\t\t\t\t\t\u0422\u0435\u043b\u0435\u0444\u043e\u043d\t\t\t\t\t\t\t<\/label>\n\t\t\t\t\t\t\t\t<input size=\"1\" type=\"tel\" name=\"form_fields[field_fea9d66]\" id=\"form-field-field_fea9d66\" class=\"elementor-field elementor-size-sm  elementor-field-textual\" placeholder=\"\u0422\u0435\u043b\u0435\u0444\u043e\u043d\" required=\"required\" aria-required=\"true\" pattern=\"[0-9()#&amp;+*-=.]+\" title=\"\u041f\u0440\u0438\u043d\u0438\u043c\u0430\u044e\u0442\u0441\u044f \u0442\u043e\u043b\u044c\u043a\u043e \u0446\u0438\u0444\u0440\u044b \u0438 \u0442\u0435\u043b\u0435\u0444\u043e\u043d\u043d\u044b\u0435 \u0441\u0438\u043c\u0432\u043e\u043b\u044b (#, -, * \u0438 \u0442. \u0434.).\">\n\n\t\t\t\t\t\t<\/div>\n\t\t\t\t\t\t\t\t<div class=\"elementor-field-type-email elementor-field-group elementor-column elementor-field-group-email elementor-col-100 elementor-field-required\">\n\t\t\t\t\t\t\t\t\t\t\t\t<label for=\"form-field-email\" class=\"elementor-field-label elementor-screen-only\">\n\t\t\t\t\t\t\t\t\u042d\u043b\u0435\u043a\u0442\u0440\u043e\u043d\u043d\u0430\u044f \u043f\u043e\u0447\u0442\u0430\t\t\t\t\t\t\t<\/label>\n\t\t\t\t\t\t\t\t\t\t\t\t\t\t<input size=\"1\" type=\"email\" name=\"form_fields[email]\" id=\"form-field-email\" class=\"elementor-field elementor-size-sm  elementor-field-textual\" placeholder=\"\u042d\u043b\u0435\u043a\u0442\u0440\u043e\u043d\u043d\u0430\u044f \u043f\u043e\u0447\u0442\u0430\" required=\"required\" aria-required=\"true\">\n\t\t\t\t\t\t\t\t\t\t\t<\/div>\n\t\t\t\t\t\t\t\t<div class=\"elementor-field-type-text elementor-field-group elementor-column elementor-field-group-field_85f5438 elementor-col-100\">\n\t\t\t\t\t\t\t\t\t\t\t\t<label for=\"form-field-field_85f5438\" class=\"elementor-field-label elementor-screen-only\">\n\t\t\t\t\t\t\t\t\u0418\u043c\u044f \u043f\u043e\u043b\u0443\u0447\u0430\u0442\u0435\u043b\u044f\t\t\t\t\t\t\t<\/label>\n\t\t\t\t\t\t\t\t\t\t\t\t\t\t<input size=\"1\" type=\"text\" name=\"form_fields[field_85f5438]\" id=\"form-field-field_85f5438\" class=\"elementor-field elementor-size-sm  elementor-field-textual\" placeholder=\"\u0418\u043c\u044f \u043f\u043e\u043b\u0443\u0447\u0430\u0442\u0435\u043b\u044f\">\n\t\t\t\t\t\t\t\t\t\t\t<\/div>\n\t\t\t\t\t\t\t\t<div class=\"elementor-field-type-text elementor-field-group elementor-column elementor-field-group-field_6d1dc30 elementor-col-100\">\n\t\t\t\t\t\t\t\t\t\t\t\t<label for=\"form-field-field_6d1dc30\" class=\"elementor-field-label elementor-screen-only\">\n\t\t\t\t\t\t\t\tSumma\t\t\t\t\t\t\t<\/label>\n\t\t\t\t\t\t\t\t\t\t\t\t\t\t<input size=\"1\" type=\"text\" name=\"form_fields[field_6d1dc30]\" id=\"form-field-field_6d1dc30\" class=\"elementor-field elementor-size-sm  elementor-field-textual\" placeholder=\"\u0421\u0443\u043c\u043c\u0430, \u0435\u0432\u0440\u043e\">\n\t\t\t\t\t\t\t\t\t\t\t<\/div>\n\t\t\t\t\t\t\t\t<div class=\"elementor-field-group elementor-column elementor-field-type-submit elementor-col-100 e-form__buttons\">\n\t\t\t\t\t<button class=\"elementor-button elementor-size-sm\" type=\"submit\">\n\t\t\t\t\t\t<span class=\"elementor-button-content-wrapper\">\n\t\t\t\t\t\t\t\t\t\t\t\t\t\t\t\t\t\t\t\t\t\t<span class=\"elementor-button-text\">\u041a\u0443\u043f\u0438\u0442\u044c<\/span>\n\t\t\t\t\t\t\t\t\t\t\t\t\t<\/span>\n\t\t\t\t\t<\/button>\n\t\t\t\t<\/div>\n\t\t\t<\/div>\n\t\t<input type=\"hidden\" name=\"trp-form-language\" value=\"ru\"\/><\/form>\n\t\t\t\t\t\t<\/div>\n\t\t\t\t<\/div>\n\t\t\t\t<\/div>\n\t\t\t\t\t<\/div>\n\t\t\t\t<\/div>\n\t\t\t\t<\/div>","protected":false},"excerpt":{"rendered":"<p>Iepriecini k\u0101du m\u012b\u013co ar d\u0101vanu karti D\u0101vini atp\u016btas prieku! Aizpildi zem\u0101k eso\u0161o kontaktformu, lai pieteiktu d\u0101vanu karti. Nor\u0101di sa\u0146\u0113m\u0113ja un savu inform\u0101ciju, k\u0101 ar\u012b d\u0101vanu kartes summu! D\u0101vana kartes limitu J\u016bs nosakat pa\u0161i.<\/p>","protected":false},"author":1,"featured_media":0,"parent":0,"menu_order":0,"comment_status":"closed","ping_status":"closed","template":"elementor_header_footer","meta":{"footnotes":""},"class_list":["post-4528","page","type-page","status-publish","hentry"],"_links":{"self":[{"href":"https:\/\/studijateici.lv\/ru\/wp-json\/wp\/v2\/pages\/4528"}],"collection":[{"href":"https:\/\/studijateici.lv\/ru\/wp-json\/wp\/v2\/pages"}],"about":[{"href":"https:\/\/studijateici.lv\/ru\/wp-json\/wp\/v2\/types\/page"}],"author":[{"embeddable":true,"href":"https:\/\/studijateici.lv\/ru\/wp-json\/wp\/v2\/users\/1"}],"replies":[{"embeddable":true,"href":"https:\/\/studijateici.lv\/ru\/wp-json\/wp\/v2\/comments?post=4528"}],"version-history":[{"count":49,"href":"https:\/\/studijateici.lv\/ru\/wp-json\/wp\/v2\/pages\/4528\/revisions"}],"predecessor-version":[{"id":4875,"href":"https:\/\/studijateici.lv\/ru\/wp-json\/wp\/v2\/pages\/4528\/revisions\/4875"}],"wp:attachment":[{"href":"https:\/\/studijateici.lv\/ru\/wp-json\/wp\/v2\/media?parent=4528"}],"curies":[{"name":"wp","href":"https:\/\/api.w.org\/{rel}","templated":true}]}}