{"id":4990,"date":"2025-02-10T22:33:59","date_gmt":"2025-02-10T19:33:59","guid":{"rendered":"https:\/\/studijateici.lv\/?page_id=4990"},"modified":"2025-02-11T10:27:41","modified_gmt":"2025-02-11T07:27:41","slug":"sauna","status":"publish","type":"page","link":"https:\/\/studijateici.lv\/ru\/sauna\/","title":{"rendered":"Sauna"},"content":{"rendered":"<div data-elementor-type=\"wp-page\" data-elementor-id=\"4990\" class=\"elementor elementor-4990\" data-elementor-post-type=\"page\">\n\t\t\t\t<div class=\"elementor-element elementor-element-23dd518 e-flex e-con-boxed e-con e-parent\" data-id=\"23dd518\" data-element_type=\"container\" data-settings=\"{&quot;background_background&quot;:&quot;classic&quot;,&quot;jet_parallax_layout_list&quot;:[]}\">\n\t\t\t\t\t<div class=\"e-con-inner\">\n\t\t<div class=\"elementor-element elementor-element-18329b7 e-con-full e-flex e-con e-child\" data-id=\"18329b7\" data-element_type=\"container\" data-settings=\"{&quot;jet_parallax_layout_list&quot;:[]}\">\n\t\t\t\t<div class=\"elementor-element elementor-element-eb46dd9 elementor-widget elementor-widget-heading\" data-id=\"eb46dd9\" data-element_type=\"widget\" data-widget_type=\"heading.default\">\n\t\t\t\t<div class=\"elementor-widget-container\">\n\t\t\t\t\t<h2 class=\"elementor-heading-title elementor-size-default\">MODERNA &amp; ELEGANTA SAUNA<\/h2>\t\t\t\t<\/div>\n\t\t\t\t<\/div>\n\t\t\t\t<div class=\"elementor-element elementor-element-c52f9c3 elementor-widget elementor-widget-text-editor\" data-id=\"c52f9c3\" data-element_type=\"widget\" data-widget_type=\"text-editor.default\">\n\t\t\t\t<div class=\"elementor-widget-container\">\n\t\t\t\t\t\t\t\t\t<div class=\"\">Saunas b\u016bt\u012bba ir atbr\u012bvot \u0137ermeni un garu, \u013caut pr\u0101tam nomierin\u0101ties un dv\u0113selei atjaunoties. T\u0101 ir vieta, kur siltums dzied\u0113, un \u016bdens noskalo ikdienas r\u016bpes, sniedzot harmoniju un sp\u0113ku. Sauna savieno cilv\u0113ku ar dabu un pa\u0161am ar sevi.<\/div>\t\t\t\t\t\t\t\t<\/div>\n\t\t\t\t<\/div>\n\t\t\t\t<div class=\"elementor-element elementor-element-4d350b4 elementor-mobile-align-center elementor-widget elementor-widget-button\" data-id=\"4d350b4\" data-element_type=\"widget\" data-widget_type=\"button.default\">\n\t\t\t\t<div class=\"elementor-widget-container\">\n\t\t\t\t\t\t\t\t\t<div class=\"elementor-button-wrapper\">\n\t\t\t\t\t<a class=\"elementor-button elementor-button-link elementor-size-sm\" href=\"#vairak\">\n\t\t\t\t\t\t<span class=\"elementor-button-content-wrapper\">\n\t\t\t\t\t\t\t\t\t<span class=\"elementor-button-text\">\u0423\u0437\u043d\u0430\u0442\u044c \u0431\u043e\u043b\u044c\u0448\u0435<\/span>\n\t\t\t\t\t<\/span>\n\t\t\t\t\t<\/a>\n\t\t\t\t<\/div>\n\t\t\t\t\t\t\t\t<\/div>\n\t\t\t\t<\/div>\n\t\t\t\t<\/div>\n\t\t<div class=\"elementor-element elementor-element-0ea43c1 e-con-full e-flex e-con e-child\" data-id=\"0ea43c1\" data-element_type=\"container\" data-settings=\"{&quot;background_background&quot;:&quot;classic&quot;,&quot;jet_parallax_layout_list&quot;:[]}\">\n\t\t\t\t<div class=\"elementor-element elementor-element-86257db elementor-widget elementor-widget-image\" data-id=\"86257db\" data-element_type=\"widget\" data-widget_type=\"image.default\">\n\t\t\t\t<div class=\"elementor-widget-container\">\n\t\t\t\t\t\t\t\t\t\t\t\t\t\t\t<img fetchpriority=\"high\" decoding=\"async\" width=\"873\" height=\"1024\" src=\"https:\/\/studijateici.lv\/wp-content\/uploads\/2025\/02\/DJI_20250115231326_0093_D-e1739216951627-873x1024.jpg\" class=\"attachment-large size-large wp-image-4980\" alt=\"\" srcset=\"https:\/\/studijateici.lv\/wp-content\/uploads\/2025\/02\/DJI_20250115231326_0093_D-e1739216951627-873x1024.jpg 873w, https:\/\/studijateici.lv\/wp-content\/uploads\/2025\/02\/DJI_20250115231326_0093_D-e1739216951627-256x300.jpg 256w, https:\/\/studijateici.lv\/wp-content\/uploads\/2025\/02\/DJI_20250115231326_0093_D-e1739216951627-768x901.jpg 768w, https:\/\/studijateici.lv\/wp-content\/uploads\/2025\/02\/DJI_20250115231326_0093_D-e1739216951627-10x12.jpg 10w, https:\/\/studijateici.lv\/wp-content\/uploads\/2025\/02\/DJI_20250115231326_0093_D-e1739216951627-600x704.jpg 600w, https:\/\/studijateici.lv\/wp-content\/uploads\/2025\/02\/DJI_20250115231326_0093_D-e1739216951627.jpg 1080w\" sizes=\"(max-width: 873px) 100vw, 873px\" \/>\t\t\t\t\t\t\t\t\t\t\t\t\t\t\t<\/div>\n\t\t\t\t<\/div>\n\t\t\t\t<\/div>\n\t\t\t\t\t<\/div>\n\t\t\t\t<\/div>\n\t\t<div class=\"elementor-element elementor-element-dbe6a65 e-flex e-con-boxed e-con e-parent\" data-id=\"dbe6a65\" data-element_type=\"container\" data-settings=\"{&quot;jet_parallax_layout_list&quot;:[]}\">\n\t\t\t\t\t<div class=\"e-con-inner\">\n\t\t<div class=\"elementor-element elementor-element-2f88c8b e-con-full e-flex e-con e-child\" data-id=\"2f88c8b\" data-element_type=\"container\" data-settings=\"{&quot;jet_parallax_layout_list&quot;:[]}\">\n\t\t\t\t<div class=\"elementor-element elementor-element-07d2bb1 elementor-widget elementor-widget-menu-anchor\" data-id=\"07d2bb1\" data-element_type=\"widget\" data-widget_type=\"menu-anchor.default\">\n\t\t\t\t<div class=\"elementor-widget-container\">\n\t\t\t\t\t\t\t<div class=\"elementor-menu-anchor\" id=\"vairak\"><\/div>\n\t\t\t\t\t\t<\/div>\n\t\t\t\t<\/div>\n\t\t\t\t<div class=\"elementor-element elementor-element-2cb9938 elementor-arrows-position-inside elementor-pagination-position-outside elementor-widget elementor-widget-image-carousel\" data-id=\"2cb9938\" data-element_type=\"widget\" data-settings=\"{&quot;slides_to_show&quot;:&quot;2&quot;,&quot;image_spacing_custom&quot;:{&quot;unit&quot;:&quot;px&quot;,&quot;size&quot;:12,&quot;sizes&quot;:[]},&quot;navigation&quot;:&quot;both&quot;,&quot;autoplay&quot;:&quot;yes&quot;,&quot;pause_on_hover&quot;:&quot;yes&quot;,&quot;pause_on_interaction&quot;:&quot;yes&quot;,&quot;autoplay_speed&quot;:5000,&quot;infinite&quot;:&quot;yes&quot;,&quot;speed&quot;:500,&quot;image_spacing_custom_tablet&quot;:{&quot;unit&quot;:&quot;px&quot;,&quot;size&quot;:&quot;&quot;,&quot;sizes&quot;:[]},&quot;image_spacing_custom_mobile&quot;:{&quot;unit&quot;:&quot;px&quot;,&quot;size&quot;:&quot;&quot;,&quot;sizes&quot;:[]}}\" data-widget_type=\"image-carousel.default\">\n\t\t\t\t<div class=\"elementor-widget-container\">\n\t\t\t\t\t\t\t<div class=\"elementor-image-carousel-wrapper swiper\" role=\"region\" aria-roledescription=\"carousel\" aria-label=\"Image Carousel\" dir=\"ltr\">\n\t\t\t<div class=\"elementor-image-carousel swiper-wrapper\" aria-live=\"off\">\n\t\t\t\t\t\t\t\t<div class=\"swiper-slide\" role=\"group\" aria-roledescription=\"slide\" aria-label=\"1 of 6\" data-no-translation-aria-label=\"\"><a data-elementor-open-lightbox=\"yes\" data-elementor-lightbox-slideshow=\"2cb9938\" data-e-action-hash=\"#elementor-action%3Aaction%3Dlightbox%26settings%3DeyJpZCI6NTAxMSwidXJsIjoiaHR0cHM6XC9cL3N0dWRpamF0ZWljaS5sdlwvd3AtY29udGVudFwvdXBsb2Fkc1wvMjAyNVwvMDJcL0RKSV8yMDI1MDExNTIzMTMyNl8wMDkzX0QtMS5qcGciLCJzbGlkZXNob3ciOiIyY2I5OTM4In0%3D\" href=\"https:\/\/studijateici.lv\/wp-content\/uploads\/2025\/02\/DJI_20250115231326_0093_D-1.jpg\"><figure class=\"swiper-slide-inner\"><img decoding=\"async\" class=\"swiper-slide-image\" src=\"https:\/\/studijateici.lv\/wp-content\/uploads\/2025\/02\/DJI_20250115231326_0093_D-1-576x1024.jpg\" alt=\"default\" \/><\/figure><\/a><\/div><div class=\"swiper-slide\" role=\"group\" aria-roledescription=\"slide\" aria-label=\"2 of 6\" data-no-translation-aria-label=\"\"><a data-elementor-open-lightbox=\"yes\" data-elementor-lightbox-slideshow=\"2cb9938\" data-e-action-hash=\"#elementor-action%3Aaction%3Dlightbox%26settings%3DeyJpZCI6NDk3OCwidXJsIjoiaHR0cHM6XC9cL3N0dWRpamF0ZWljaS5sdlwvd3AtY29udGVudFwvdXBsb2Fkc1wvMjAyNVwvMDJcL0lNR183MjQ2LmpwZWciLCJzbGlkZXNob3ciOiIyY2I5OTM4In0%3D\" href=\"https:\/\/studijateici.lv\/wp-content\/uploads\/2025\/02\/IMG_7246.jpeg\"><figure class=\"swiper-slide-inner\"><img decoding=\"async\" class=\"swiper-slide-image\" src=\"https:\/\/studijateici.lv\/wp-content\/uploads\/2025\/02\/IMG_7246-576x1024.jpeg\" alt=\"IMG_7246\" \/><\/figure><\/a><\/div><div class=\"swiper-slide\" role=\"group\" aria-roledescription=\"slide\" aria-label=\"3 of 6\" data-no-translation-aria-label=\"\"><a data-elementor-open-lightbox=\"yes\" data-elementor-lightbox-slideshow=\"2cb9938\" data-e-action-hash=\"#elementor-action%3Aaction%3Dlightbox%26settings%3DeyJpZCI6NDk3OSwidXJsIjoiaHR0cHM6XC9cL3N0dWRpamF0ZWljaS5sdlwvd3AtY29udGVudFwvdXBsb2Fkc1wvMjAyNVwvMDJcLzNGRDRCNzUwLUE4RTYtNDZDNS05REVFLTdBMjIyMzRCOEIzRC5qcGciLCJzbGlkZXNob3ciOiIyY2I5OTM4In0%3D\" href=\"https:\/\/studijateici.lv\/wp-content\/uploads\/2025\/02\/3FD4B750-A8E6-46C5-9DEE-7A22234B8B3D.jpg\"><figure class=\"swiper-slide-inner\"><img decoding=\"async\" class=\"swiper-slide-image\" src=\"https:\/\/studijateici.lv\/wp-content\/uploads\/2025\/02\/3FD4B750-A8E6-46C5-9DEE-7A22234B8B3D-576x1024.jpg\" alt=\"3FD4B750-A8E6-46C5-9DEE-7A22234B8B3D\" \/><\/figure><\/a><\/div><div class=\"swiper-slide\" role=\"group\" aria-roledescription=\"slide\" aria-label=\"4 of 6\" data-no-translation-aria-label=\"\"><a data-elementor-open-lightbox=\"yes\" data-elementor-lightbox-slideshow=\"2cb9938\" data-e-action-hash=\"#elementor-action%3Aaction%3Dlightbox%26settings%3DeyJpZCI6NDk4MSwidXJsIjoiaHR0cHM6XC9cL3N0dWRpamF0ZWljaS5sdlwvd3AtY29udGVudFwvdXBsb2Fkc1wvMjAyNVwvMDJcL0lNR183MTQwLmpwZWciLCJzbGlkZXNob3ciOiIyY2I5OTM4In0%3D\" href=\"https:\/\/studijateici.lv\/wp-content\/uploads\/2025\/02\/IMG_7140.jpeg\"><figure class=\"swiper-slide-inner\"><img decoding=\"async\" class=\"swiper-slide-image\" src=\"https:\/\/studijateici.lv\/wp-content\/uploads\/2025\/02\/IMG_7140-576x1024.jpeg\" alt=\"IMG_7140\" \/><\/figure><\/a><\/div><div class=\"swiper-slide\" role=\"group\" aria-roledescription=\"slide\" aria-label=\"5 of 6\" data-no-translation-aria-label=\"\"><a data-elementor-open-lightbox=\"yes\" data-elementor-lightbox-slideshow=\"2cb9938\" data-e-action-hash=\"#elementor-action%3Aaction%3Dlightbox%26settings%3DeyJpZCI6NDk4MiwidXJsIjoiaHR0cHM6XC9cL3N0dWRpamF0ZWljaS5sdlwvd3AtY29udGVudFwvdXBsb2Fkc1wvMjAyNVwvMDJcL0lNR183MTQ1LmpwZWciLCJzbGlkZXNob3ciOiIyY2I5OTM4In0%3D\" href=\"https:\/\/studijateici.lv\/wp-content\/uploads\/2025\/02\/IMG_7145.jpeg\"><figure class=\"swiper-slide-inner\"><img decoding=\"async\" class=\"swiper-slide-image\" src=\"https:\/\/studijateici.lv\/wp-content\/uploads\/2025\/02\/IMG_7145-576x1024.jpeg\" alt=\"IMG_7145\" \/><\/figure><\/a><\/div><div class=\"swiper-slide\" role=\"group\" aria-roledescription=\"slide\" aria-label=\"6 of 6\" data-no-translation-aria-label=\"\"><a data-elementor-open-lightbox=\"yes\" data-elementor-lightbox-slideshow=\"2cb9938\" data-e-action-hash=\"#elementor-action%3Aaction%3Dlightbox%26settings%3DeyJpZCI6NDk4MywidXJsIjoiaHR0cHM6XC9cL3N0dWRpamF0ZWljaS5sdlwvd3AtY29udGVudFwvdXBsb2Fkc1wvMjAyNVwvMDJcL0lNR183MjIyLmpwZWciLCJzbGlkZXNob3ciOiIyY2I5OTM4In0%3D\" href=\"https:\/\/studijateici.lv\/wp-content\/uploads\/2025\/02\/IMG_7222.jpeg\"><figure class=\"swiper-slide-inner\"><img decoding=\"async\" class=\"swiper-slide-image\" src=\"https:\/\/studijateici.lv\/wp-content\/uploads\/2025\/02\/IMG_7222-576x1024.jpeg\" alt=\"IMG_7222\" \/><\/figure><\/a><\/div>\t\t\t<\/div>\n\t\t\t\t\t\t\t\t\t\t\t\t<div class=\"elementor-swiper-button elementor-swiper-button-prev\" role=\"button\" tabindex=\"0\">\n\t\t\t\t\t\t<i aria-hidden=\"true\" class=\"eicon-chevron-left\"><\/i>\t\t\t\t\t<\/div>\n\t\t\t\t\t<div class=\"elementor-swiper-button elementor-swiper-button-next\" role=\"button\" tabindex=\"0\">\n\t\t\t\t\t\t<i aria-hidden=\"true\" class=\"eicon-chevron-right\"><\/i>\t\t\t\t\t<\/div>\n\t\t\t\t\n\t\t\t\t\t\t\t\t\t<div class=\"swiper-pagination\"><\/div>\n\t\t\t\t\t\t\t\t\t<\/div>\n\t\t\t\t\t\t<\/div>\n\t\t\t\t<\/div>\n\t\t\t\t<\/div>\n\t\t<div class=\"elementor-element elementor-element-1fa3e85 e-con-full e-flex e-con e-child\" data-id=\"1fa3e85\" data-element_type=\"container\" data-settings=\"{&quot;jet_parallax_layout_list&quot;:[]}\">\n\t\t\t\t<div class=\"elementor-element elementor-element-77be079 elementor-widget elementor-widget-heading\" data-id=\"77be079\" data-element_type=\"widget\" data-widget_type=\"heading.default\">\n\t\t\t\t<div class=\"elementor-widget-container\">\n\t\t\t\t\t<h2 class=\"elementor-heading-title elementor-size-default\">SAVIENOJIES AR DABU<\/h2>\t\t\t\t<\/div>\n\t\t\t\t<\/div>\n\t\t\t\t<div class=\"elementor-element elementor-element-d05b88b elementor-widget elementor-widget-text-editor\" data-id=\"d05b88b\" data-element_type=\"widget\" data-widget_type=\"text-editor.default\">\n\t\t\t\t<div class=\"elementor-widget-container\">\n\t\t\t\t\t\t\t\t\t<div class=\"\"><div class=\"\">\u0160\u012b modern\u0101 un elegant\u0101 sauna ir apr\u012bkota ar dizaina Huum kr\u0101sni, kas ar savu jaudu nodro\u0161ina \u0101tru un vienm\u0113r\u012bgu telpas uzsild\u012b\u0161anu.<\/div><div>\u00a0<\/div><div class=\"\">Huum kr\u0101sns izce\u013cas ar m\u016bsdien\u012bgu est\u0113tiku un p\u0101rdom\u0101tu konstrukciju, kas apvieno funkcion\u0101lit\u0101ti ar izcilu dizainu. T\u0101s atv\u0113rt\u0101 strukt\u016bra \u013cauj izmantot lielu daudzumu akme\u0146u, kas ilg\u0101k saglab\u0101 siltumu un rada pat\u012bkami maigu, dzi\u013ci relaks\u0113jo\u0161u tvaiku.\u00a0<\/div><\/div>\t\t\t\t\t\t\t\t<\/div>\n\t\t\t\t<\/div>\n\t\t\t\t<div class=\"elementor-element elementor-element-91653e9 elementor-icon-list--layout-traditional elementor-list-item-link-full_width elementor-widget elementor-widget-icon-list\" data-id=\"91653e9\" data-element_type=\"widget\" data-widget_type=\"icon-list.default\">\n\t\t\t\t<div class=\"elementor-widget-container\">\n\t\t\t\t\t\t\t<ul class=\"elementor-icon-list-items\">\n\t\t\t\t\t\t\t<li class=\"elementor-icon-list-item\">\n\t\t\t\t\t\t\t\t\t\t\t<span class=\"elementor-icon-list-icon\">\n\t\t\t\t\t\t\t<i aria-hidden=\"true\" class=\"fas fa-check\"><\/i>\t\t\t\t\t\t<\/span>\n\t\t\t\t\t\t\t\t\t\t<span class=\"elementor-icon-list-text\">Izcils dizains<\/span>\n\t\t\t\t\t\t\t\t\t<\/li>\n\t\t\t\t\t\t\t\t<li class=\"elementor-icon-list-item\">\n\t\t\t\t\t\t\t\t\t\t\t<span class=\"elementor-icon-list-icon\">\n\t\t\t\t\t\t\t<i aria-hidden=\"true\" class=\"fas fa-check\"><\/i>\t\t\t\t\t\t<\/span>\n\t\t\t\t\t\t\t\t\t\t<span class=\"elementor-icon-list-text\">P\u0101rdom\u0101ta konstrukcija<\/span>\n\t\t\t\t\t\t\t\t\t<\/li>\n\t\t\t\t\t\t\t\t<li class=\"elementor-icon-list-item\">\n\t\t\t\t\t\t\t\t\t\t\t<span class=\"elementor-icon-list-icon\">\n\t\t\t\t\t\t\t<i aria-hidden=\"true\" class=\"fas fa-check\"><\/i>\t\t\t\t\t\t<\/span>\n\t\t\t\t\t\t\t\t\t\t<span class=\"elementor-icon-list-text\">Funkcionalit\u0101te<\/span>\n\t\t\t\t\t\t\t\t\t<\/li>\n\t\t\t\t\t\t<\/ul>\n\t\t\t\t\t\t<\/div>\n\t\t\t\t<\/div>\n\t\t\t\t<div class=\"elementor-element elementor-element-dc9980e elementor-mobile-align-center elementor-widget elementor-widget-button\" data-id=\"dc9980e\" data-element_type=\"widget\" data-widget_type=\"button.default\">\n\t\t\t\t<div class=\"elementor-widget-container\">\n\t\t\t\t\t\t\t\t\t<div class=\"elementor-button-wrapper\">\n\t\t\t\t\t<a class=\"elementor-button elementor-button-link elementor-size-sm\" href=\"\/ru\/rooms\/atputas-maja\/\">\n\t\t\t\t\t\t<span class=\"elementor-button-content-wrapper\">\n\t\t\t\t\t\t\t\t\t<span class=\"elementor-button-text\">Rezerv\u0113t tagad!<\/span>\n\t\t\t\t\t<\/span>\n\t\t\t\t\t<\/a>\n\t\t\t\t<\/div>\n\t\t\t\t\t\t\t\t<\/div>\n\t\t\t\t<\/div>\n\t\t\t\t<\/div>\n\t\t\t\t\t<\/div>\n\t\t\t\t<\/div>\n\t\t\t\t<\/div>","protected":false},"excerpt":{"rendered":"<p>MODERNA &amp; ELEGANTA SAUNA Saunas b\u016bt\u012bba ir atbr\u012bvot \u0137ermeni un garu, \u013caut pr\u0101tam nomierin\u0101ties un dv\u0113selei atjaunoties. T\u0101 ir vieta, kur siltums dzied\u0113, un \u016bdens noskalo ikdienas r\u016bpes, sniedzot harmoniju un sp\u0113ku. Sauna savieno cilv\u0113ku ar dabu un pa\u0161am ar sevi. Uzzin\u0101t vair\u0101k SAVIENOJIES AR DABU \u0160\u012b modern\u0101 un elegant\u0101 sauna ir apr\u012bkota ar dizaina [&hellip;]<\/p>","protected":false},"author":1,"featured_media":0,"parent":0,"menu_order":0,"comment_status":"closed","ping_status":"closed","template":"elementor_header_footer","meta":{"footnotes":""},"class_list":["post-4990","page","type-page","status-publish","hentry"],"_links":{"self":[{"href":"https:\/\/studijateici.lv\/ru\/wp-json\/wp\/v2\/pages\/4990"}],"collection":[{"href":"https:\/\/studijateici.lv\/ru\/wp-json\/wp\/v2\/pages"}],"about":[{"href":"https:\/\/studijateici.lv\/ru\/wp-json\/wp\/v2\/types\/page"}],"author":[{"embeddable":true,"href":"https:\/\/studijateici.lv\/ru\/wp-json\/wp\/v2\/users\/1"}],"replies":[{"embeddable":true,"href":"https:\/\/studijateici.lv\/ru\/wp-json\/wp\/v2\/comments?post=4990"}],"version-history":[{"count":50,"href":"https:\/\/studijateici.lv\/ru\/wp-json\/wp\/v2\/pages\/4990\/revisions"}],"predecessor-version":[{"id":5051,"href":"https:\/\/studijateici.lv\/ru\/wp-json\/wp\/v2\/pages\/4990\/revisions\/5051"}],"wp:attachment":[{"href":"https:\/\/studijateici.lv\/ru\/wp-json\/wp\/v2\/media?parent=4990"}],"curies":[{"name":"wp","href":"https:\/\/api.w.org\/{rel}","templated":true}]}}